{"id":2286,"date":"2025-03-01T14:08:14","date_gmt":"2025-03-01T17:08:14","guid":{"rendered":"https:\/\/freest.com.br\/?page_id=2286"},"modified":"2025-03-06T18:41:49","modified_gmt":"2025-03-06T21:41:49","slug":"club-med","status":"publish","type":"page","link":"https:\/\/freest.com.br\/pt\/club-med\/","title":{"rendered":"Club Med"},"content":{"rendered":"<div data-elementor-type=\"wp-page\" data-elementor-id=\"2286\" class=\"elementor elementor-2286\" data-elementor-post-type=\"page\">\n\t\t\t\t<div class=\"elementor-element elementor-element-18c7b09 e-flex e-con-boxed e-con e-parent\" data-id=\"18c7b09\" data-element_type=\"container\" data-settings=\"{&quot;background_background&quot;:&quot;classic&quot;,&quot;_ha_eqh_enable&quot;:false}\">\n\t\t\t\t\t<div class=\"e-con-inner\">\n\t\t\t\t<div class=\"elementor-element elementor-element-fcb8f35 elementor-widget elementor-widget-spacer\" data-id=\"fcb8f35\" data-element_type=\"widget\" data-widget_type=\"spacer.default\">\n\t\t\t\t<div class=\"elementor-widget-container\">\n\t\t\t\t\t<div class=\"elementor-spacer\">\n\t\t\t<div class=\"elementor-spacer-inner\"><\/div>\n\t\t<\/div>\n\t\t\t\t<\/div>\n\t\t\t\t<\/div>\n\t\t<div class=\"elementor-element elementor-element-091caaf e-con-full e-flex e-con e-child\" data-id=\"091caaf\" data-element_type=\"container\" data-settings=\"{&quot;_ha_eqh_enable&quot;:false}\">\n\t\t\t\t<div class=\"elementor-element elementor-element-939d4ca elementor-widget__width-initial elementor-view-default elementor-widget elementor-widget-icon\" data-id=\"939d4ca\" data-element_type=\"widget\" data-widget_type=\"icon.default\">\n\t\t\t\t<div class=\"elementor-widget-container\">\n\t\t\t\t\t<div class=\"elementor-icon-wrapper\">\n\t\t\t<a class=\"elementor-icon\" href=\"https:\/\/freest.com.br\/\">\n\t\t\t<i aria-hidden=\"true\" class=\"fas fa-chevron-left\"><\/i>\t\t\t<\/a>\n\t\t<\/div>\n\t\t\t\t<\/div>\n\t\t\t\t<\/div>\n\t\t\t\t<div class=\"elementor-element elementor-element-53d9cc5 elementor-widget-mobile__width-inherit elementor-widget__width-initial elementor-widget elementor-widget-image\" data-id=\"53d9cc5\" data-element_type=\"widget\" data-widget_type=\"image.default\">\n\t\t\t\t<div class=\"elementor-widget-container\">\n\t\t\t\t\t\t\t\t\t\t\t\t\t<img fetchpriority=\"high\" decoding=\"async\" width=\"800\" height=\"354\" src=\"https:\/\/freest.com.br\/wp-content\/uploads\/2025\/03\/logo-branca-1024x453.png\" class=\"attachment-large size-large wp-image-2308\" alt=\"\" srcset=\"https:\/\/freest.com.br\/wp-content\/uploads\/2025\/03\/logo-branca-1024x453.png 1024w, https:\/\/freest.com.br\/wp-content\/uploads\/2025\/03\/logo-branca-300x133.png 300w, https:\/\/freest.com.br\/wp-content\/uploads\/2025\/03\/logo-branca-768x339.png 768w, https:\/\/freest.com.br\/wp-content\/uploads\/2025\/03\/logo-branca-1536x679.png 1536w, https:\/\/freest.com.br\/wp-content\/uploads\/2025\/03\/logo-branca-18x8.png 18w, https:\/\/freest.com.br\/wp-content\/uploads\/2025\/03\/logo-branca.png 1584w\" sizes=\"(max-width: 800px) 100vw, 800px\" \/>\t\t\t\t\t\t\t\t\t\t\t\t\t<\/div>\n\t\t\t\t<\/div>\n\t\t\t\t<\/div>\n\t\t<div class=\"elementor-element elementor-element-0ce98dc e-con-full e-flex e-con e-child\" data-id=\"0ce98dc\" data-element_type=\"container\" data-settings=\"{&quot;background_background&quot;:&quot;classic&quot;,&quot;_ha_eqh_enable&quot;:false}\">\n\t\t\t\t<div class=\"elementor-element elementor-element-03e7893 elementor-widget__width-initial elementor-widget elementor-widget-image\" data-id=\"03e7893\" data-element_type=\"widget\" data-widget_type=\"image.default\">\n\t\t\t\t<div class=\"elementor-widget-container\">\n\t\t\t\t\t\t\t\t\t\t\t\t\t<img decoding=\"async\" width=\"640\" height=\"232\" src=\"https:\/\/freest.com.br\/wp-content\/uploads\/2025\/03\/clubmed.png\" class=\"attachment-large size-large wp-image-2300\" alt=\"\" srcset=\"https:\/\/freest.com.br\/wp-content\/uploads\/2025\/03\/clubmed.png 640w, https:\/\/freest.com.br\/wp-content\/uploads\/2025\/03\/clubmed-300x109.png 300w, https:\/\/freest.com.br\/wp-content\/uploads\/2025\/03\/clubmed-18x7.png 18w\" sizes=\"(max-width: 640px) 100vw, 640px\" \/>\t\t\t\t\t\t\t\t\t\t\t\t\t<\/div>\n\t\t\t\t<\/div>\n\t\t\t\t<div class=\"elementor-element elementor-element-87586f3 elementor-widget-mobile__width-initial elementor-widget elementor-widget-text-editor\" data-id=\"87586f3\" data-element_type=\"widget\" data-widget_type=\"text-editor.default\">\n\t\t\t\t<div class=\"elementor-widget-container\">\n\t\t\t\t\t\t\t<p>Pronto para viajar com o <strong>Club Med<\/strong>? Inscreva-se agora e garanta <strong>30% de desconto\u00a0na\u00a0sua\u00a0reserva!<\/strong><\/p>\t\t\t\t\t\t<\/div>\n\t\t\t\t<\/div>\n\t\t\t\t<div class=\"elementor-element elementor-element-6de1d9e elementor-widget elementor-widget-jet-form-builder-form\" data-id=\"6de1d9e\" data-element_type=\"widget\" data-widget_type=\"jet-form-builder-form.default\">\n\t\t\t\t<div class=\"elementor-widget-container\">\n\t\t\t<link rel='stylesheet' id='wp-block-library-css' href='https:\/\/freest.com.br\/wp-includes\/css\/dist\/block-library\/style.min.css?ver=6.7.5' media='all' \/>\n<style id=\"jet-form-builder-2291-inline-css\"><\/style><form  class=\"jet-form-builder layout-column submit-type-reload\" action=\"https:\/\/freest.com.br\/pt\/wp-json\/wp\/v2\/pages\/2286\/?jet_form_builder_submit=submit&#038;method=reload\" method=\"POST\" data-form-id=\"2291\" data-layout=\"column\" enctype=\"multipart\/form-data\" novalidate=\"null\" data-trp-original-action=\"https:\/\/freest.com.br\/pt\/wp-json\/wp\/v2\/pages\/2286\/?jet_form_builder_submit=submit&amp;method=reload\"><input type=\"hidden\" id=\"_wpnonce\" name=\"_wpnonce\" value=\"bf3a543947\" \/><input type=\"hidden\" name=\"_wp_http_referer\" value=\"\/pt\/wp-json\/wp\/v2\/pages\/2286\" \/>\r\n<input type=\"hidden\" name=\"_jfb_current_render_states[]\" value=\"DEFAULT.STATE\" data-jfb-sync \/><input type=\"hidden\" class=\"jet-form-builder__field hidden-field\" name=\"_jet_engine_booking_form_id\" data-field-name=\"_jet_engine_booking_form_id\" value=\"2291\">\n<input type=\"hidden\" class=\"jet-form-builder__field hidden-field\" name=\"_jet_engine_refer\" data-field-name=\"_jet_engine_refer\" value=\"https:\/\/freest.com.br\/pt\/wp-json\/wp\/v2\/pages\/2286\/\">\n<input type=\"hidden\" class=\"jet-form-builder__field hidden-field\" name=\"__queried_post_id\" data-field-name=\"__queried_post_id\" value=\"2286\">\n<div  data-value=\"[{&quot;id&quot;:6950,&quot;conditions&quot;:[{&quot;__visible&quot;:true,&quot;value&quot;:&quot;&quot;}],&quot;to_set&quot;:&quot;&quot;}]\" class=\"jet-form-builder-row field-type-text-field\" >\n<div class=\"jet-form-builder__label\">\r\n<div class=\"jet-form-builder__label-text\">NOME<\/div><\/div><div class=\"jet-form-builder__field-wrap\">\n\t\t\t\t<input name=\"NOME\" id=\"NOME\" type=\"text\" data-field-name=\"NOME\" class=\"jet-form-builder__field text-field\" data-jfb-sync=\"null\">\n\t\t\t\t\t<\/div>\n<\/div>\n\n<div  class=\"jet-form-builder-row field-type-text-field\" >\n<div class=\"jet-form-builder__label\">\r\n<div class=\"jet-form-builder__label-text\">E-MAIL<\/div><\/div><div class=\"jet-form-builder__field-wrap\">\n\t\t\t\t<input name=\"E-MAIL\" id=\"E-MAIL\" type=\"email\" data-field-name=\"E-MAIL\" class=\"jet-form-builder__field text-field\" data-jfb-sync=\"null\">\n\t\t\t\t\t<\/div>\n<\/div>\n\n<div  class=\"jet-form-builder-row field-type-text-field\" >\n<div class=\"jet-form-builder__label\">\r\n<div class=\"jet-form-builder__label-text\">ESTADO<\/div><\/div><div class=\"jet-form-builder__field-wrap\">\n\t\t\t\t<input name=\"ESTADO\" id=\"ESTADO\" type=\"text\" data-field-name=\"ESTADO\" class=\"jet-form-builder__field text-field\" data-jfb-sync=\"null\">\n\t\t\t\t\t<\/div>\n<\/div>\n\n<div  class=\"jet-form-builder-row field-type-text-field\" >\n<div class=\"jet-form-builder__label\">\r\n<div class=\"jet-form-builder__label-text\">CIDADE<\/div><\/div><div class=\"jet-form-builder__field-wrap\">\n\t\t\t\t<input name=\"CIDADE\" id=\"CIDADE\" type=\"text\" data-field-name=\"CIDADE\" class=\"jet-form-builder__field text-field\" data-jfb-sync=\"null\">\n\t\t\t\t\t<\/div>\n<\/div>\n\n<div  class=\"jet-form-builder-row field-type-text-field\" >\n<div class=\"jet-form-builder__label\">\r\n<div class=\"jet-form-builder__label-text\"><font style=\"vertical-align: inherit\"><font style=\"vertical-align: inherit\">T<\/font><\/font>ELEFONE<\/div><\/div><div class=\"jet-form-builder__field-wrap\">\n\t\t\t\t<input name=\"numero\" id=\"numero\" type=\"text\" data-field-name=\"numero\" class=\"jet-form-builder__field text-field\" data-jfb-sync=\"null\">\n\t\t\t\t\t<\/div>\n<\/div>\n\n<div  class=\"jet-form-builder-row field-type-submit-field\" >\n\t<div data-type=\"submit\" class=\"jet-form-builder__action-button-wrapper jet-form-builder__submit-wrap\">\n\t<button class=\"jet-form-builder__action-button jet-form-builder__submit submit-type-reload\" type=\"submit\">Enviar<\/button>\n\t<\/div>\n\t\n<\/div>\n\n\n<p><\/p>\n\t<div class=\"jet-form-builder-messages-wrap\" data-form-id=\"2291\"><\/div>\n<input type=\"hidden\" name=\"trp-form-language\" value=\"pt\"\/><\/form>\n\t\t<\/div>\n\t\t\t\t<\/div>\n\t\t\t\t<\/div>\n\t\t\t\t\t<\/div>\n\t\t\t\t<\/div>\n\t\t\t\t<\/div>","protected":false},"excerpt":{"rendered":"<p>Pronto para viajar com o Club Med? Inscreva-se agora e garanta 30% de desconto\u00a0na\u00a0sua\u00a0reserva! NOME E-MAIL ESTADO CIDADE TELEFONE Enviar<\/p>","protected":false},"author":27,"featured_media":0,"parent":0,"menu_order":0,"comment_status":"closed","ping_status":"closed","template":"elementor_canvas","meta":{"_joinchat":[],"footnotes":""},"class_list":["post-2286","page","type-page","status-publish","hentry"],"yoast_head":"<!-- This site is optimized with the Yoast SEO plugin v24.6 - https:\/\/yoast.com\/wordpress\/plugins\/seo\/ -->\n<title>Club Med - Freest<\/title>\n<meta name=\"robots\" content=\"index, follow, max-snippet:-1, max-image-preview:large, max-video-preview:-1\" \/>\n<link rel=\"canonical\" href=\"https:\/\/freest.com.br\/pt\/club-med\/\" \/>\n<meta property=\"og:locale\" content=\"es_ES\" \/>\n<meta property=\"og:type\" content=\"article\" \/>\n<meta property=\"og:title\" content=\"Club Med - Freest\" \/>\n<meta property=\"og:description\" content=\"Pronto para viajar com o Club Med? Inscreva-se agora e garanta 30% de desconto\u00a0na\u00a0sua\u00a0reserva! NOME E-MAIL ESTADO CIDADE TELEFONE Enviar\" \/>\n<meta property=\"og:url\" content=\"https:\/\/freest.com.br\/pt\/club-med\/\" \/>\n<meta property=\"og:site_name\" content=\"Freest\" \/>\n<meta property=\"article:modified_time\" content=\"2025-03-06T21:41:49+00:00\" \/>\n<meta property=\"og:image\" content=\"https:\/\/freest.com.br\/wp-content\/uploads\/2025\/03\/logo-branca.png\" \/>\n\t<meta property=\"og:image:width\" content=\"1584\" \/>\n\t<meta property=\"og:image:height\" content=\"700\" \/>\n\t<meta property=\"og:image:type\" content=\"image\/png\" \/>\n<meta name=\"twitter:card\" content=\"summary_large_image\" \/>\n<meta name=\"twitter:label1\" content=\"Tiempo de lectura\" \/>\n\t<meta name=\"twitter:data1\" content=\"1 minuto\" \/>\n<script type=\"application\/ld+json\" class=\"yoast-schema-graph\">{\"@context\":\"https:\/\/schema.org\",\"@graph\":[{\"@type\":\"WebPage\",\"@id\":\"https:\/\/freest.com.br\/club-med\/\",\"url\":\"https:\/\/freest.com.br\/club-med\/\",\"name\":\"Club Med - Freest\",\"isPartOf\":{\"@id\":\"https:\/\/freest.com.br\/#website\"},\"primaryImageOfPage\":{\"@id\":\"https:\/\/freest.com.br\/club-med\/#primaryimage\"},\"image\":{\"@id\":\"https:\/\/freest.com.br\/club-med\/#primaryimage\"},\"thumbnailUrl\":\"https:\/\/freest.com.br\/wp-content\/uploads\/2025\/03\/logo-branca-1024x453.png\",\"datePublished\":\"2025-03-01T17:08:14+00:00\",\"dateModified\":\"2025-03-06T21:41:49+00:00\",\"breadcrumb\":{\"@id\":\"https:\/\/freest.com.br\/club-med\/#breadcrumb\"},\"inLanguage\":\"es\",\"potentialAction\":[{\"@type\":\"ReadAction\",\"target\":[\"https:\/\/freest.com.br\/club-med\/\"]}]},{\"@type\":\"ImageObject\",\"inLanguage\":\"es\",\"@id\":\"https:\/\/freest.com.br\/club-med\/#primaryimage\",\"url\":\"https:\/\/freest.com.br\/wp-content\/uploads\/2025\/03\/logo-branca-1024x453.png\",\"contentUrl\":\"https:\/\/freest.com.br\/wp-content\/uploads\/2025\/03\/logo-branca-1024x453.png\"},{\"@type\":\"BreadcrumbList\",\"@id\":\"https:\/\/freest.com.br\/club-med\/#breadcrumb\",\"itemListElement\":[{\"@type\":\"ListItem\",\"position\":1,\"name\":\"In\u00edcio\",\"item\":\"https:\/\/freest.com.br\/\"},{\"@type\":\"ListItem\",\"position\":2,\"name\":\"Club Med\"}]},{\"@type\":\"WebSite\",\"@id\":\"https:\/\/freest.com.br\/#website\",\"url\":\"https:\/\/freest.com.br\/\",\"name\":\"Freest\",\"description\":\"Transformando nossa paix\u00e3o por viajar em experi\u00eancias inesquec\u00edveis.\",\"publisher\":{\"@id\":\"https:\/\/freest.com.br\/#organization\"},\"potentialAction\":[{\"@type\":\"SearchAction\",\"target\":{\"@type\":\"EntryPoint\",\"urlTemplate\":\"https:\/\/freest.com.br\/?s={search_term_string}\"},\"query-input\":{\"@type\":\"PropertyValueSpecification\",\"valueRequired\":true,\"valueName\":\"search_term_string\"}}],\"inLanguage\":\"es\"},{\"@type\":\"Organization\",\"@id\":\"https:\/\/freest.com.br\/#organization\",\"name\":\"Freest\",\"url\":\"https:\/\/freest.com.br\/\",\"logo\":{\"@type\":\"ImageObject\",\"inLanguage\":\"es\",\"@id\":\"https:\/\/freest.com.br\/#\/schema\/logo\/image\/\",\"url\":\"https:\/\/freest.com.br\/wp-content\/uploads\/2022\/06\/laranja.png\",\"contentUrl\":\"https:\/\/freest.com.br\/wp-content\/uploads\/2022\/06\/laranja.png\",\"width\":2952,\"height\":967,\"caption\":\"Freest\"},\"image\":{\"@id\":\"https:\/\/freest.com.br\/#\/schema\/logo\/image\/\"}}]}<\/script>\n<!-- \/ Yoast SEO plugin. -->","yoast_head_json":{"title":"Club Med - Freest","robots":{"index":"index","follow":"follow","max-snippet":"max-snippet:-1","max-image-preview":"max-image-preview:large","max-video-preview":"max-video-preview:-1"},"canonical":"https:\/\/freest.com.br\/pt\/club-med\/","og_locale":"es_ES","og_type":"article","og_title":"Club Med - Freest","og_description":"Pronto para viajar com o Club Med? Inscreva-se agora e garanta 30% de desconto\u00a0na\u00a0sua\u00a0reserva! NOME E-MAIL ESTADO CIDADE TELEFONE Enviar","og_url":"https:\/\/freest.com.br\/pt\/club-med\/","og_site_name":"Freest","article_modified_time":"2025-03-06T21:41:49+00:00","og_image":[{"width":1584,"height":700,"url":"https:\/\/freest.com.br\/wp-content\/uploads\/2025\/03\/logo-branca.png","type":"image\/png"}],"twitter_card":"summary_large_image","twitter_misc":{"Tiempo de lectura":"1 minuto"},"schema":{"@context":"https:\/\/schema.org","@graph":[{"@type":"WebPage","@id":"https:\/\/freest.com.br\/club-med\/","url":"https:\/\/freest.com.br\/club-med\/","name":"Club Med - Freest","isPartOf":{"@id":"https:\/\/freest.com.br\/#website"},"primaryImageOfPage":{"@id":"https:\/\/freest.com.br\/club-med\/#primaryimage"},"image":{"@id":"https:\/\/freest.com.br\/club-med\/#primaryimage"},"thumbnailUrl":"https:\/\/freest.com.br\/wp-content\/uploads\/2025\/03\/logo-branca-1024x453.png","datePublished":"2025-03-01T17:08:14+00:00","dateModified":"2025-03-06T21:41:49+00:00","breadcrumb":{"@id":"https:\/\/freest.com.br\/club-med\/#breadcrumb"},"inLanguage":"es","potentialAction":[{"@type":"ReadAction","target":["https:\/\/freest.com.br\/club-med\/"]}]},{"@type":"ImageObject","inLanguage":"es","@id":"https:\/\/freest.com.br\/club-med\/#primaryimage","url":"https:\/\/freest.com.br\/wp-content\/uploads\/2025\/03\/logo-branca-1024x453.png","contentUrl":"https:\/\/freest.com.br\/wp-content\/uploads\/2025\/03\/logo-branca-1024x453.png"},{"@type":"BreadcrumbList","@id":"https:\/\/freest.com.br\/club-med\/#breadcrumb","itemListElement":[{"@type":"ListItem","position":1,"name":"In\u00edcio","item":"https:\/\/freest.com.br\/"},{"@type":"ListItem","position":2,"name":"Club Med"}]},{"@type":"WebSite","@id":"https:\/\/freest.com.br\/#website","url":"https:\/\/freest.com.br\/","name":"Freest","description":"Transformando nossa paix\u00e3o por viajar em experi\u00eancias inesquec\u00edveis.","publisher":{"@id":"https:\/\/freest.com.br\/#organization"},"potentialAction":[{"@type":"SearchAction","target":{"@type":"EntryPoint","urlTemplate":"https:\/\/freest.com.br\/?s={search_term_string}"},"query-input":{"@type":"PropertyValueSpecification","valueRequired":true,"valueName":"search_term_string"}}],"inLanguage":"es"},{"@type":"Organization","@id":"https:\/\/freest.com.br\/#organization","name":"Freest","url":"https:\/\/freest.com.br\/","logo":{"@type":"ImageObject","inLanguage":"es","@id":"https:\/\/freest.com.br\/#\/schema\/logo\/image\/","url":"https:\/\/freest.com.br\/wp-content\/uploads\/2022\/06\/laranja.png","contentUrl":"https:\/\/freest.com.br\/wp-content\/uploads\/2022\/06\/laranja.png","width":2952,"height":967,"caption":"Freest"},"image":{"@id":"https:\/\/freest.com.br\/#\/schema\/logo\/image\/"}}]}},"_links":{"self":[{"href":"https:\/\/freest.com.br\/pt\/wp-json\/wp\/v2\/pages\/2286","targetHints":{"allow":["GET"]}}],"collection":[{"href":"https:\/\/freest.com.br\/pt\/wp-json\/wp\/v2\/pages"}],"about":[{"href":"https:\/\/freest.com.br\/pt\/wp-json\/wp\/v2\/types\/page"}],"author":[{"embeddable":true,"href":"https:\/\/freest.com.br\/pt\/wp-json\/wp\/v2\/users\/27"}],"replies":[{"embeddable":true,"href":"https:\/\/freest.com.br\/pt\/wp-json\/wp\/v2\/comments?post=2286"}],"version-history":[{"count":47,"href":"https:\/\/freest.com.br\/pt\/wp-json\/wp\/v2\/pages\/2286\/revisions"}],"predecessor-version":[{"id":2656,"href":"https:\/\/freest.com.br\/pt\/wp-json\/wp\/v2\/pages\/2286\/revisions\/2656"}],"wp:attachment":[{"href":"https:\/\/freest.com.br\/pt\/wp-json\/wp\/v2\/media?parent=2286"}],"curies":[{"name":"wp","href":"https:\/\/api.w.org\/{rel}","templated":true}]}}